{"id":486,"date":"2024-02-19T22:28:31","date_gmt":"2024-02-19T22:28:31","guid":{"rendered":"https:\/\/infallible-herschel.190-15-141-170.plesk.page\/?page_id=486"},"modified":"2024-04-05T19:20:47","modified_gmt":"2024-04-05T19:20:47","slug":"javier-gomez-castellanos","status":"publish","type":"page","link":"https:\/\/ticec2019.cedia.edu.ec\/index.php\/javier-gomez-castellanos\/","title":{"rendered":"JAVIER G\u00d3MEZ CASTELLANOS"},"content":{"rendered":"\t\t<div data-elementor-type=\"wp-page\" data-elementor-id=\"486\" class=\"elementor elementor-486\">\n\t\t\t\t<div class=\"elementor-element elementor-element-d045426 e-flex e-con-boxed wpr-particle-no wpr-jarallax-no wpr-parallax-no wpr-sticky-section-no wpr-equal-height-no e-con e-parent\" data-id=\"d045426\" data-element_type=\"container\" data-e-type=\"container\" data-settings=\"{&quot;tmea_shape_divider_top&quot;:&quot;none&quot;,&quot;tmea_shape_divider_bottom&quot;:&quot;none&quot;}\">\n\t\t\t\t\t<div class=\"e-con-inner\">\n\t\t<div class=\"elementor-element elementor-element-3530f62 e-flex e-con-boxed wpr-particle-no wpr-jarallax-no wpr-parallax-no wpr-sticky-section-no wpr-equal-height-no e-con e-child\" data-id=\"3530f62\" data-element_type=\"container\" data-e-type=\"container\" data-settings=\"{&quot;tmea_shape_divider_top&quot;:&quot;none&quot;,&quot;tmea_shape_divider_bottom&quot;:&quot;none&quot;}\">\n\t\t\t\t\t<div class=\"e-con-inner\">\n\t\t\n\t\t<div class=\"elementor-element elementor-element-0732773 elementor-widget elementor-widget-text-editor\" data-id=\"0732773\" data-element_type=\"widget\" data-e-type=\"widget\" data-widget_type=\"text-editor.default\">\n\t\t\t\t<div class=\"elementor-widget-container\">\n\t\t\t\t\t\t\t\t\t<h1 style=\"font-family: Montserrat, sans-serif; font-weight: 300; line-height: 1.2; color: inherit; font-size: 2.25rem;\">JAVIER G\u00d3MEZ CASTELLANOS<\/h1>\n<h2 style=\"font-family: Montserrat, sans-serif; font-size: 30px;\"><span>Charla: Privacidad Geogr\u00e1fica en Redes Inal\u00e1mbricas\n<\/span><\/h2>\n<div style=\"font-size: 16px;\">\n<p style=\"margin-top: 0px; margin-bottom: 1rem;\">En esta pl\u00e1tica primero se mostrar\u00e1n los riesgos de que terceros tengan acceso a la ubicaci\u00f3n de usuarios m\u00f3viles. Posteriormente se mostrar\u00e1n diversas t\u00e9cnicas que protejan la privacidad geogr\u00e1fica.<\/p>\n\n<ul style=\"margin-top: 0px; margin-bottom: 1rem;\">\n \t<li>Grado de licenciatura con honores en Ingenier\u00eda El\u00e9ctrica en 1993 por la Universidad Nacional Aut\u00f3noma de M\u00e9xico (UNAM)<\/li>\n \t<li>Los grados de maestro en ciencias y doctor (PhD) 1996 y 2002, por la Universidad de Columbia, EEUU.<\/li>\n \t<li>Colabor\u00f3 y trabaj\u00f3 en varias ocasiones con el IBM T.J. Watson Research Center, Hawthorne, Nueva York.<\/li>\n \t<li>L\u00edneas de investigaci\u00f3n: dise\u00f1o de protocolos de enrutamiento, calidad de servicio y dise\u00f1o de MAC para redes inal\u00e1mbricas ad hoc, sensores y IoT.<\/li>\n \t<li>Actualmente profesor de tiempo completo en el Departamento de Ingenier\u00eda de Telecomunicaciones de la UNAM, y tambi\u00e9n se desempe\u00f1a como coordinador del Posgrado en Ciencia e Ingenier\u00eda de la Computaci\u00f3n.<\/li>\n<\/ul>\n<\/div>\n<div><\/div>\t\t\t\t\t\t\t\t<\/div>\n\t\t\t\t<\/div>\n\t\t\t\t\t<\/div>\n\t\t\t\t<\/div>\n\t\t\t\t<div class=\"elementor-element elementor-element-7a4b788 elementor-widget-divider--view-line elementor-widget elementor-widget-divider\" data-id=\"7a4b788\" data-element_type=\"widget\" data-e-type=\"widget\" data-widget_type=\"divider.default\">\n\t\t\t\t<div class=\"elementor-widget-container\">\n\t\t\t\t\t\t\t<div class=\"elementor-divider\">\n\t\t\t<span class=\"elementor-divider-separator\">\n\t\t\t\t\t\t<\/span>\n\t\t<\/div>\n\t\t\t\t\t\t<\/div>\n\t\t\t\t<\/div>\n\t\t<div class=\"elementor-element elementor-element-9bddccd e-flex e-con-boxed wpr-particle-no wpr-jarallax-no wpr-parallax-no wpr-sticky-section-no wpr-equal-height-no e-con e-child\" data-id=\"9bddccd\" data-element_type=\"container\" data-e-type=\"container\" data-settings=\"{&quot;tmea_shape_divider_top&quot;:&quot;none&quot;,&quot;tmea_shape_divider_bottom&quot;:&quot;none&quot;}\">\n\t\t\t\t\t<div class=\"e-con-inner\">\n\t\t\t\t<div class=\"elementor-element elementor-element-7d9aa14 elementor-widget elementor-widget-xpro-button\" data-id=\"7d9aa14\" data-element_type=\"widget\" data-e-type=\"widget\" data-widget_type=\"xpro-button.default\">\n\t\t\t\t<div class=\"elementor-widget-container\">\n\t\t\t\t\t\n<a  target=\"_blank\" href=\"\/index.php\/keynotes\/javier-gomez-castellanos?tmpl=component&#038;print=1\" class=\"xpro-elementor-button xpro-elementor-button-animation-none xpro-align-icon-left\">\n<span class=\"xpro-elementor-button-inner\">\n<span class=\"xpro-elementor-button-media\"><svg aria-hidden=\"true\" class=\"e-font-icon-svg e-fas-print\" viewBox=\"0 0 512 512\" xmlns=\"http:\/\/www.w3.org\/2000\/svg\"><path d=\"M448 192V77.25c0-8.49-3.37-16.62-9.37-22.63L393.37 9.37c-6-6-14.14-9.37-22.63-9.37H96C78.33 0 64 14.33 64 32v160c-35.35 0-64 28.65-64 64v112c0 8.84 7.16 16 16 16h48v96c0 17.67 14.33 32 32 32h320c17.67 0 32-14.33 32-32v-96h48c8.84 0 16-7.16 16-16V256c0-35.35-28.65-64-64-64zm-64 256H128v-96h256v96zm0-224H128V64h192v48c0 8.84 7.16 16 16 16h48v96zm48 72c-13.25 0-24-10.75-24-24 0-13.26 10.75-24 24-24s24 10.74 24 24c0 13.25-10.75 24-24 24z\"><\/path><\/svg><\/span>\n<span class=\"xpro-button-text\">Print<\/span>\n<\/span>\n<\/a>\n\t\t\t\t<\/div>\n\t\t\t\t<\/div>\n\t\t\t\t\t<\/div>\n\t\t\t\t<\/div>\n\t\t<div class=\"elementor-element elementor-element-a9fb07f e-flex e-con-boxed wpr-particle-no wpr-jarallax-no wpr-parallax-no wpr-sticky-section-no wpr-equal-height-no e-con e-child\" data-id=\"a9fb07f\" data-element_type=\"container\" data-e-type=\"container\" data-settings=\"{&quot;tmea_shape_divider_top&quot;:&quot;none&quot;,&quot;tmea_shape_divider_bottom&quot;:&quot;none&quot;}\">\n\t\t\t\t\t<div class=\"e-con-inner\">\n\t\t\t\t<div class=\"elementor-element elementor-element-e9e4c2d elementor-widget elementor-widget-xpro-button\" data-id=\"e9e4c2d\" data-element_type=\"widget\" data-e-type=\"widget\" data-widget_type=\"xpro-button.default\">\n\t\t\t\t<div class=\"elementor-widget-container\">\n\t\t\t\t\t\n<a  target=\"_blank\" href=\"\/index.php\/keynotes\/shernon-gerardo-osepa\" class=\"xpro-elementor-button xpro-elementor-button-animation-none xpro-align-icon-right\">\n<span class=\"xpro-elementor-button-inner\">\n<span class=\"xpro-button-text\">Prev<\/span>\n<\/span>\n<\/a>\n\t\t\t\t<\/div>\n\t\t\t\t<\/div>\n\t\t\t\t<div class=\"elementor-element elementor-element-89ea339 elementor-widget elementor-widget-xpro-button\" data-id=\"89ea339\" data-element_type=\"widget\" data-e-type=\"widget\" data-widget_type=\"xpro-button.default\">\n\t\t\t\t<div class=\"elementor-widget-container\">\n\t\t\t\t\t\n<a  target=\"_blank\" href=\"\/index.php\/keynotes\/vahid-loic-masrour-hamadani\" class=\"xpro-elementor-button xpro-elementor-button-animation-none xpro-align-icon-right\">\n<span class=\"xpro-elementor-button-inner\">\n<span class=\"xpro-button-text\">Next<\/span>\n<\/span>\n<\/a>\n\t\t\t\t<\/div>\n\t\t\t\t<\/div>\n\t\t\t\t\t<\/div>\n\t\t\t\t<\/div>\n\t\t\t\t\t<\/div>\n\t\t\t\t<\/div>\n\t\t<div class=\"elementor-element elementor-element-f27ddd7 e-con-full e-flex wpr-particle-no wpr-jarallax-no wpr-parallax-no wpr-sticky-section-no wpr-equal-height-no e-con e-parent\" data-id=\"f27ddd7\" data-element_type=\"container\" data-e-type=\"container\" data-settings=\"{&quot;tmea_shape_divider_top&quot;:&quot;none&quot;,&quot;tmea_shape_divider_bottom&quot;:&quot;none&quot;}\">\n\t\t\t\t<div class=\"elementor-element elementor-element-3a0e7a0 elementor-widget elementor-widget-shortcode\" data-id=\"3a0e7a0\" data-element_type=\"widget\" data-e-type=\"widget\" data-widget_type=\"shortcode.default\">\n\t\t\t\t<div class=\"elementor-widget-container\">\n\t\t\t\t\t\t\t<div class=\"elementor-shortcode\">\t\t<div data-elementor-type=\"wp-post\" data-elementor-id=\"869\" class=\"elementor elementor-869\">\n\t\t\t\t<div class=\"elementor-element elementor-element-90c0738 e-con-full e-flex wpr-particle-no wpr-jarallax-no wpr-parallax-no wpr-sticky-section-no wpr-equal-height-no e-con e-parent\" data-id=\"90c0738\" data-element_type=\"container\" data-e-type=\"container\" data-settings=\"{&quot;tmea_shape_divider_top&quot;:&quot;none&quot;,&quot;tmea_shape_divider_bottom&quot;:&quot;none&quot;}\">\n\t\t<div class=\"elementor-element elementor-element-e3523f3 e-con-full e-flex wpr-particle-no wpr-jarallax-no wpr-parallax-no wpr-sticky-section-no wpr-equal-height-no e-con e-child\" data-id=\"e3523f3\" data-element_type=\"container\" data-e-type=\"container\" data-settings=\"{&quot;background_background&quot;:&quot;classic&quot;,&quot;tmea_shape_divider_top&quot;:&quot;none&quot;,&quot;tmea_shape_divider_bottom&quot;:&quot;none&quot;}\">\n\t\t<div class=\"elementor-element elementor-element-fdf559e e-flex e-con-boxed wpr-particle-no wpr-jarallax-no wpr-parallax-no wpr-sticky-section-no wpr-equal-height-no e-con e-child\" data-id=\"fdf559e\" data-element_type=\"container\" data-e-type=\"container\" data-settings=\"{&quot;tmea_shape_divider_top&quot;:&quot;none&quot;,&quot;tmea_shape_divider_bottom&quot;:&quot;none&quot;}\">\n\t\t\t\t\t<div class=\"e-con-inner\">\n\t\t<div class=\"elementor-element elementor-element-5b493c8 e-con-full e-flex wpr-particle-no wpr-jarallax-no wpr-parallax-no wpr-sticky-section-no wpr-equal-height-no e-con e-child\" data-id=\"5b493c8\" data-element_type=\"container\" data-e-type=\"container\" data-settings=\"{&quot;tmea_shape_divider_top&quot;:&quot;none&quot;,&quot;tmea_shape_divider_bottom&quot;:&quot;none&quot;}\">\n\t\t\t\t<div class=\"elementor-element elementor-element-2d422d1 elementor-widget elementor-widget-text-editor\" data-id=\"2d422d1\" data-element_type=\"widget\" data-e-type=\"widget\" data-widget_type=\"text-editor.default\">\n\t\t\t\t<div class=\"elementor-widget-container\">\n\t\t\t\t\t\t\t\t\t<p style=\"margin: 0px; font-family: Montserrat, sans-serif; color: #ffffff; font-size: 24px;\">Ediciones anteriores<\/p>\t\t\t\t\t\t\t\t<\/div>\n\t\t\t\t<\/div>\n\t\t\t\t<div class=\"elementor-element elementor-element-b649058 elementor-widget-divider--view-line elementor-widget elementor-widget-divider\" data-id=\"b649058\" data-element_type=\"widget\" data-e-type=\"widget\" data-widget_type=\"divider.default\">\n\t\t\t\t<div class=\"elementor-widget-container\">\n\t\t\t\t\t\t\t<div class=\"elementor-divider\">\n\t\t\t<span class=\"elementor-divider-separator\">\n\t\t\t\t\t\t<\/span>\n\t\t<\/div>\n\t\t\t\t\t\t<\/div>\n\t\t\t\t<\/div>\n\t\t\t\t<div class=\"elementor-element elementor-element-a4d23e7 elementor-icon-list--layout-traditional elementor-list-item-link-full_width elementor-widget elementor-widget-icon-list\" data-id=\"a4d23e7\" data-element_type=\"widget\" data-e-type=\"widget\" data-widget_type=\"icon-list.default\">\n\t\t\t\t<div class=\"elementor-widget-container\">\n\t\t\t\t\t\t\t<ul class=\"elementor-icon-list-items\">\n\t\t\t\t\t\t\t<li class=\"elementor-icon-list-item\">\n\t\t\t\t\t\t\t\t\t\t\t<a href=\"https:\/\/ticec2019.cedia.edu.ec\/\">\n\n\t\t\t\t\t\t\t\t\t\t\t<span class=\"elementor-icon-list-text\">TICEC 2019<\/span>\n\t\t\t\t\t\t\t\t\t\t\t<\/a>\n\t\t\t\t\t\t\t\t\t<\/li>\n\t\t\t\t\t\t\t\t<li class=\"elementor-icon-list-item\">\n\t\t\t\t\t\t\t\t\t\t\t<a href=\"https:\/\/ticec2018.cedia.edu.ec\/es\/\">\n\n\t\t\t\t\t\t\t\t\t\t\t<span class=\"elementor-icon-list-text\">TICEC 2018<\/span>\n\t\t\t\t\t\t\t\t\t\t\t<\/a>\n\t\t\t\t\t\t\t\t\t<\/li>\n\t\t\t\t\t\t\t\t<li class=\"elementor-icon-list-item\">\n\t\t\t\t\t\t\t\t\t\t\t<a href=\"https:\/\/ticec2017.cedia.edu.ec\/es\/\">\n\n\t\t\t\t\t\t\t\t\t\t\t<span class=\"elementor-icon-list-text\">TICEC 2017<\/span>\n\t\t\t\t\t\t\t\t\t\t\t<\/a>\n\t\t\t\t\t\t\t\t\t<\/li>\n\t\t\t\t\t\t\t\t<li class=\"elementor-icon-list-item\">\n\t\t\t\t\t\t\t\t\t\t\t<a href=\"https:\/\/ticec2016.cedia.edu.ec\/\">\n\n\t\t\t\t\t\t\t\t\t\t\t<span class=\"elementor-icon-list-text\">TICEC 2016<\/span>\n\t\t\t\t\t\t\t\t\t\t\t<\/a>\n\t\t\t\t\t\t\t\t\t<\/li>\n\t\t\t\t\t\t\t\t<li class=\"elementor-icon-list-item\">\n\t\t\t\t\t\t\t\t\t\t\t<a href=\"https:\/\/ticec2015.cedia.edu.ec\/\">\n\n\t\t\t\t\t\t\t\t\t\t\t<span class=\"elementor-icon-list-text\">TICEC 2015<\/span>\n\t\t\t\t\t\t\t\t\t\t\t<\/a>\n\t\t\t\t\t\t\t\t\t<\/li>\n\t\t\t\t\t\t\t\t<li class=\"elementor-icon-list-item\">\n\t\t\t\t\t\t\t\t\t\t\t<a href=\"https:\/\/ticec2014.cedia.edu.ec\/\">\n\n\t\t\t\t\t\t\t\t\t\t\t<span class=\"elementor-icon-list-text\">TICEC 2014<\/span>\n\t\t\t\t\t\t\t\t\t\t\t<\/a>\n\t\t\t\t\t\t\t\t\t<\/li>\n\t\t\t\t\t\t\t\t<li class=\"elementor-icon-list-item\">\n\t\t\t\t\t\t\t\t\t\t\t<a href=\"https:\/\/ticec2013.cedia.edu.ec\/\">\n\n\t\t\t\t\t\t\t\t\t\t\t<span class=\"elementor-icon-list-text\">TICEC 2013<\/span>\n\t\t\t\t\t\t\t\t\t\t\t<\/a>\n\t\t\t\t\t\t\t\t\t<\/li>\n\t\t\t\t\t\t<\/ul>\n\t\t\t\t\t\t<\/div>\n\t\t\t\t<\/div>\n\t\t\t\t<\/div>\n\t\t<div class=\"elementor-element elementor-element-e28d67e e-con-full e-flex wpr-particle-no wpr-jarallax-no wpr-parallax-no wpr-sticky-section-no wpr-equal-height-no e-con e-child\" data-id=\"e28d67e\" data-element_type=\"container\" data-e-type=\"container\" data-settings=\"{&quot;tmea_shape_divider_top&quot;:&quot;none&quot;,&quot;tmea_shape_divider_bottom&quot;:&quot;none&quot;}\">\n\t\t\t\t<div class=\"elementor-element elementor-element-71b37a6 elementor-widget elementor-widget-text-editor\" data-id=\"71b37a6\" data-element_type=\"widget\" data-e-type=\"widget\" data-widget_type=\"text-editor.default\">\n\t\t\t\t<div class=\"elementor-widget-container\">\n\t\t\t\t\t\t\t\t\t<p style=\"margin: 0px; font-family: Montserrat, sans-serif; color: #ffffff; font-size: 24px;\">Sobre nosotros<\/p>\t\t\t\t\t\t\t\t<\/div>\n\t\t\t\t<\/div>\n\t\t\t\t<div class=\"elementor-element elementor-element-6ba36df elementor-widget-divider--view-line elementor-widget elementor-widget-divider\" data-id=\"6ba36df\" data-element_type=\"widget\" data-e-type=\"widget\" data-widget_type=\"divider.default\">\n\t\t\t\t<div class=\"elementor-widget-container\">\n\t\t\t\t\t\t\t<div class=\"elementor-divider\">\n\t\t\t<span class=\"elementor-divider-separator\">\n\t\t\t\t\t\t<\/span>\n\t\t<\/div>\n\t\t\t\t\t\t<\/div>\n\t\t\t\t<\/div>\n\t\t\t\t<div class=\"elementor-element elementor-element-8e95ad2 elementor-widget elementor-widget-text-editor\" data-id=\"8e95ad2\" data-element_type=\"widget\" data-e-type=\"widget\" data-widget_type=\"text-editor.default\">\n\t\t\t\t<div class=\"elementor-widget-container\">\n\t\t\t\t\t\t\t\t\t<span style=\"color: #8e9aa7; font-family: Montserrat, sans-serif;\">TICEC 2019 es el Congreso m\u00e1s importante de Tecnolog\u00edas de la Informaci\u00f3n y Comunicaci\u00f3n en Ecuador que re\u00fane cada a\u00f1o a m\u00e1s de 700 investigadores, t\u00e9cnicos, docentes, estudiantes y profesionales de las \u00e1reas de la Ciencia y la Tecnolog\u00eda.<\/span>\t\t\t\t\t\t\t\t<\/div>\n\t\t\t\t<\/div>\n\t\t\t\t<\/div>\n\t\t<div class=\"elementor-element elementor-element-322a11a e-con-full e-flex wpr-particle-no wpr-jarallax-no wpr-parallax-no wpr-sticky-section-no wpr-equal-height-no e-con e-child\" data-id=\"322a11a\" data-element_type=\"container\" data-e-type=\"container\" data-settings=\"{&quot;tmea_shape_divider_top&quot;:&quot;none&quot;,&quot;tmea_shape_divider_bottom&quot;:&quot;none&quot;}\">\n\t\t\t\t<div class=\"elementor-element elementor-element-70bc019 elementor-widget elementor-widget-text-editor\" data-id=\"70bc019\" data-element_type=\"widget\" data-e-type=\"widget\" data-widget_type=\"text-editor.default\">\n\t\t\t\t<div class=\"elementor-widget-container\">\n\t\t\t\t\t\t\t\t\t<p style=\"margin: 0px; font-family: Montserrat, sans-serif; color: #ffffff; font-size: 24px;\">Contacto<\/p>\t\t\t\t\t\t\t\t<\/div>\n\t\t\t\t<\/div>\n\t\t\t\t<div class=\"elementor-element elementor-element-8be9e99 elementor-widget-divider--view-line elementor-widget elementor-widget-divider\" data-id=\"8be9e99\" data-element_type=\"widget\" data-e-type=\"widget\" data-widget_type=\"divider.default\">\n\t\t\t\t<div class=\"elementor-widget-container\">\n\t\t\t\t\t\t\t<div class=\"elementor-divider\">\n\t\t\t<span class=\"elementor-divider-separator\">\n\t\t\t\t\t\t<\/span>\n\t\t<\/div>\n\t\t\t\t\t\t<\/div>\n\t\t\t\t<\/div>\n\t\t\t\t<div class=\"elementor-element elementor-element-25dbf3b elementor-widget elementor-widget-text-editor\" data-id=\"25dbf3b\" data-element_type=\"widget\" data-e-type=\"widget\" data-widget_type=\"text-editor.default\">\n\t\t\t\t<div class=\"elementor-widget-container\">\n\t\t\t\t\t\t\t\t\t<span style=\"font-family: Montserrat, sans-serif;\">Para m\u00e1s informaci\u00f3n sobre el Congreso TICEC cont\u00e1ctenos a: <a style=\"transition: all ease-in-out .3s;\" href=\"mailto:info@cedia.org.ec\">info@cedia.org.ec<\/a>\n<br>\n<br>\n<\/span><span style=\"font-family: Montserrat, sans-serif;\">+59374079300.\n<\/span><span style=\"font-family: Montserrat, sans-serif;\">\n<br>\n<br>\nCuenca-Ecuador.<\/span>\t\t\t\t\t\t\t\t<\/div>\n\t\t\t\t<\/div>\n\t\t\t\t<\/div>\n\t\t<div class=\"elementor-element elementor-element-9a48826 e-flex e-con-boxed wpr-particle-no wpr-jarallax-no wpr-parallax-no wpr-sticky-section-no wpr-equal-height-no e-con e-child\" data-id=\"9a48826\" data-element_type=\"container\" data-e-type=\"container\" data-settings=\"{&quot;tmea_shape_divider_top&quot;:&quot;none&quot;,&quot;tmea_shape_divider_bottom&quot;:&quot;none&quot;}\">\n\t\t\t\t\t<div class=\"e-con-inner\">\n\t\t\t\t<div class=\"elementor-element elementor-element-6daed9a elementor-widget elementor-widget-text-editor\" data-id=\"6daed9a\" data-element_type=\"widget\" data-e-type=\"widget\" data-widget_type=\"text-editor.default\">\n\t\t\t\t<div class=\"elementor-widget-container\">\n\t\t\t\t\t\t\t\t\t<p style=\"margin: 0px; font-family: Montserrat, sans-serif; color: #ffffff; font-size: 24px;\">Organizan<\/p>\t\t\t\t\t\t\t\t<\/div>\n\t\t\t\t<\/div>\n\t\t\t\t<div class=\"elementor-element elementor-element-85894ae elementor-widget-divider--view-line elementor-widget elementor-widget-divider\" data-id=\"85894ae\" data-element_type=\"widget\" data-e-type=\"widget\" data-widget_type=\"divider.default\">\n\t\t\t\t<div class=\"elementor-widget-container\">\n\t\t\t\t\t\t\t<div class=\"elementor-divider\">\n\t\t\t<span class=\"elementor-divider-separator\">\n\t\t\t\t\t\t<\/span>\n\t\t<\/div>\n\t\t\t\t\t\t<\/div>\n\t\t\t\t<\/div>\n\t\t<div class=\"elementor-element elementor-element-16b40ff e-con-full e-flex wpr-particle-no wpr-jarallax-no wpr-parallax-no wpr-sticky-section-no wpr-equal-height-no e-con e-child\" data-id=\"16b40ff\" data-element_type=\"container\" data-e-type=\"container\" data-settings=\"{&quot;tmea_shape_divider_top&quot;:&quot;none&quot;,&quot;tmea_shape_divider_bottom&quot;:&quot;none&quot;}\">\n\t\t<div class=\"elementor-element elementor-element-5052af8 e-con-full e-flex wpr-particle-no wpr-jarallax-no wpr-parallax-no wpr-sticky-section-no wpr-equal-height-no e-con e-child\" data-id=\"5052af8\" data-element_type=\"container\" data-e-type=\"container\" data-settings=\"{&quot;tmea_shape_divider_top&quot;:&quot;none&quot;,&quot;tmea_shape_divider_bottom&quot;:&quot;none&quot;}\">\n\t\t\t\t<div class=\"elementor-element elementor-element-60e4da4 elementor-widget elementor-widget-image\" data-id=\"60e4da4\" data-element_type=\"widget\" data-e-type=\"widget\" data-widget_type=\"image.default\">\n\t\t\t\t<div class=\"elementor-widget-container\">\n\t\t\t\t\t\t\t\t\t\t\t\t\t\t\t<img fetchpriority=\"high\" decoding=\"async\" width=\"840\" height=\"1109\" src=\"https:\/\/ticec2019.cedia.edu.ec\/wp-content\/uploads\/2024\/02\/CEDIABlancoH.png\" class=\"attachment-full size-full wp-image-185\" alt=\"\" srcset=\"https:\/\/ticec2019.cedia.edu.ec\/wp-content\/uploads\/2024\/02\/CEDIABlancoH.png 840w, https:\/\/ticec2019.cedia.edu.ec\/wp-content\/uploads\/2024\/02\/CEDIABlancoH-227x300.png 227w, https:\/\/ticec2019.cedia.edu.ec\/wp-content\/uploads\/2024\/02\/CEDIABlancoH-776x1024.png 776w, https:\/\/ticec2019.cedia.edu.ec\/wp-content\/uploads\/2024\/02\/CEDIABlancoH-768x1014.png 768w\" sizes=\"(max-width: 840px) 100vw, 840px\" \/>\t\t\t\t\t\t\t\t\t\t\t\t\t\t\t<\/div>\n\t\t\t\t<\/div>\n\t\t\t\t<\/div>\n\t\t<div class=\"elementor-element elementor-element-404eeee e-con-full e-flex wpr-particle-no wpr-jarallax-no wpr-parallax-no wpr-sticky-section-no wpr-equal-height-no e-con e-child\" data-id=\"404eeee\" data-element_type=\"container\" data-e-type=\"container\" data-settings=\"{&quot;tmea_shape_divider_top&quot;:&quot;none&quot;,&quot;tmea_shape_divider_bottom&quot;:&quot;none&quot;}\">\n\t\t\t\t<div class=\"elementor-element elementor-element-b806593 elementor-widget elementor-widget-image\" data-id=\"b806593\" data-element_type=\"widget\" data-e-type=\"widget\" data-widget_type=\"image.default\">\n\t\t\t\t<div class=\"elementor-widget-container\">\n\t\t\t\t\t\t\t\t\t\t\t\t\t\t\t<img decoding=\"async\" width=\"400\" height=\"400\" src=\"https:\/\/ticec2019.cedia.edu.ec\/wp-content\/uploads\/2024\/02\/LogoUdaB.png\" class=\"attachment-full size-full wp-image-186\" alt=\"\" srcset=\"https:\/\/ticec2019.cedia.edu.ec\/wp-content\/uploads\/2024\/02\/LogoUdaB.png 400w, https:\/\/ticec2019.cedia.edu.ec\/wp-content\/uploads\/2024\/02\/LogoUdaB-300x300.png 300w, https:\/\/ticec2019.cedia.edu.ec\/wp-content\/uploads\/2024\/02\/LogoUdaB-150x150.png 150w\" sizes=\"(max-width: 400px) 100vw, 400px\" \/>\t\t\t\t\t\t\t\t\t\t\t\t\t\t\t<\/div>\n\t\t\t\t<\/div>\n\t\t\t\t<\/div>\n\t\t\t\t<\/div>\n\t\t\t\t\t<\/div>\n\t\t\t\t<\/div>\n\t\t\t\t\t<\/div>\n\t\t\t\t<\/div>\n\t\t\t\t<div class=\"elementor-element elementor-element-874f88f elementor-widget-divider--view-line elementor-widget elementor-widget-divider\" data-id=\"874f88f\" data-element_type=\"widget\" data-e-type=\"widget\" data-widget_type=\"divider.default\">\n\t\t\t\t<div class=\"elementor-widget-container\">\n\t\t\t\t\t\t\t<div class=\"elementor-divider\">\n\t\t\t<span class=\"elementor-divider-separator\">\n\t\t\t\t\t\t<\/span>\n\t\t<\/div>\n\t\t\t\t\t\t<\/div>\n\t\t\t\t<\/div>\n\t\t<div class=\"elementor-element elementor-element-a778d33 e-flex e-con-boxed wpr-particle-no wpr-jarallax-no wpr-parallax-no wpr-sticky-section-no wpr-equal-height-no e-con e-child\" data-id=\"a778d33\" data-element_type=\"container\" data-e-type=\"container\" data-settings=\"{&quot;tmea_shape_divider_top&quot;:&quot;none&quot;,&quot;tmea_shape_divider_bottom&quot;:&quot;none&quot;}\">\n\t\t\t\t\t<div class=\"e-con-inner\">\n\t\t\t\t<div class=\"elementor-element elementor-element-40b5f0c elementor-widget elementor-widget-text-editor\" data-id=\"40b5f0c\" data-element_type=\"widget\" data-e-type=\"widget\" data-widget_type=\"text-editor.default\">\n\t\t\t\t<div class=\"elementor-widget-container\">\n\t\t\t\t\t\t\t\t\t<p><span style=\"color: #8e9aa7; font-family: Montserrat, sans-serif; font-size: 14px;\">\u00a9 TICEC. Powered by CEDIA.<\/span><\/p>\t\t\t\t\t\t\t\t<\/div>\n\t\t\t\t<\/div>\n\t\t\t\t\t<\/div>\n\t\t\t\t<\/div>\n\t\t\t\t<\/div>\n\t\t\t\t<\/div>\n\t\t\t\t<\/div>\n\t\t<\/div>\n\t\t\t\t\t\t<\/div>\n\t\t\t\t<\/div>\n\t\t\t\t<\/div>\n\t\t\t\t<\/div>\n\t\t","protected":false},"excerpt":{"rendered":"<p>JAVIER G\u00d3MEZ CASTELLANOS Charla: Privacidad Geogr\u00e1fica en Redes Inal\u00e1mbricas En esta pl\u00e1tica primero se mostrar\u00e1n los riesgos de que terceros tengan acceso a la ubicaci\u00f3n de usuarios m\u00f3viles. Posteriormente se mostrar\u00e1n diversas t\u00e9cnicas que protejan la privacidad geogr\u00e1fica. Grado de licenciatura con honores en Ingenier\u00eda El\u00e9ctrica en 1993 por la Universidad Nacional Aut\u00f3noma de M\u00e9xico (UNAM) Los grados de maestro en ciencias y doctor (PhD) 1996 y 2002, por la Universidad de Columbia, EEUU. Colabor\u00f3 y trabaj\u00f3 en varias ocasiones con el IBM T.J. Watson Research Center, Hawthorne, Nueva York. L\u00edneas de investigaci\u00f3n: dise\u00f1o de protocolos de enrutamiento, calidad de servicio y dise\u00f1o de MAC para redes inal\u00e1mbricas ad hoc, sensores y IoT. Actualmente profesor de tiempo completo en el Departamento de Ingenier\u00eda de Telecomunicaciones de la UNAM, y tambi\u00e9n se desempe\u00f1a como coordinador del Posgrado en Ciencia e Ingenier\u00eda de la Computaci\u00f3n. Print Prev Next<\/p>\n","protected":false},"author":5,"featured_media":0,"parent":0,"menu_order":0,"comment_status":"closed","ping_status":"closed","template":"","meta":{"footnotes":""},"class_list":["post-486","page","type-page","status-publish","hentry"],"_links":{"self":[{"href":"https:\/\/ticec2019.cedia.edu.ec\/index.php\/wp-json\/wp\/v2\/pages\/486","targetHints":{"allow":["GET"]}}],"collection":[{"href":"https:\/\/ticec2019.cedia.edu.ec\/index.php\/wp-json\/wp\/v2\/pages"}],"about":[{"href":"https:\/\/ticec2019.cedia.edu.ec\/index.php\/wp-json\/wp\/v2\/types\/page"}],"author":[{"embeddable":true,"href":"https:\/\/ticec2019.cedia.edu.ec\/index.php\/wp-json\/wp\/v2\/users\/5"}],"replies":[{"embeddable":true,"href":"https:\/\/ticec2019.cedia.edu.ec\/index.php\/wp-json\/wp\/v2\/comments?post=486"}],"version-history":[{"count":19,"href":"https:\/\/ticec2019.cedia.edu.ec\/index.php\/wp-json\/wp\/v2\/pages\/486\/revisions"}],"predecessor-version":[{"id":1114,"href":"https:\/\/ticec2019.cedia.edu.ec\/index.php\/wp-json\/wp\/v2\/pages\/486\/revisions\/1114"}],"wp:attachment":[{"href":"https:\/\/ticec2019.cedia.edu.ec\/index.php\/wp-json\/wp\/v2\/media?parent=486"}],"curies":[{"name":"wp","href":"https:\/\/api.w.org\/{rel}","templated":true}]}}