{"id":513,"date":"2024-02-19T22:36:26","date_gmt":"2024-02-19T22:36:26","guid":{"rendered":"https:\/\/infallible-herschel.190-15-141-170.plesk.page\/?page_id=513"},"modified":"2024-04-05T19:34:23","modified_gmt":"2024-04-05T19:34:23","slug":"agustin-yague-panadero","status":"publish","type":"page","link":"https:\/\/ticec2019.cedia.edu.ec\/index.php\/agustin-yague-panadero\/","title":{"rendered":"AGUST\u00cdN YAG\u00dcE PANADERO"},"content":{"rendered":"\t\t<div data-elementor-type=\"wp-page\" data-elementor-id=\"513\" class=\"elementor elementor-513\">\n\t\t\t\t<div class=\"elementor-element elementor-element-d045426 e-flex e-con-boxed wpr-particle-no wpr-jarallax-no wpr-parallax-no wpr-sticky-section-no wpr-equal-height-no e-con e-parent\" data-id=\"d045426\" data-element_type=\"container\" data-e-type=\"container\" data-settings=\"{&quot;tmea_shape_divider_top&quot;:&quot;none&quot;,&quot;tmea_shape_divider_bottom&quot;:&quot;none&quot;}\">\n\t\t\t\t\t<div class=\"e-con-inner\">\n\t\t<div class=\"elementor-element elementor-element-3530f62 e-flex e-con-boxed wpr-particle-no wpr-jarallax-no wpr-parallax-no wpr-sticky-section-no wpr-equal-height-no e-con e-child\" data-id=\"3530f62\" data-element_type=\"container\" data-e-type=\"container\" data-settings=\"{&quot;tmea_shape_divider_top&quot;:&quot;none&quot;,&quot;tmea_shape_divider_bottom&quot;:&quot;none&quot;}\">\n\t\t\t\t\t<div class=\"e-con-inner\">\n\t\t\n\t\t<div class=\"elementor-element elementor-element-0732773 elementor-widget elementor-widget-text-editor\" data-id=\"0732773\" data-element_type=\"widget\" data-e-type=\"widget\" data-widget_type=\"text-editor.default\">\n\t\t\t\t<div class=\"elementor-widget-container\">\n\t\t\t\t\t\t\t\t\t<h1 style=\"font-family: Montserrat, sans-serif; font-size: 2.25rem;\">AGUST\u00cdN YAG\u00dcE PANADERO<\/h1>\n<h2 style=\"font-family: Montserrat, sans-serif; font-size: 30px;\"><span>Charla: Tendencias en metodolog\u00edas de desarrollo de software \u00c1giles y DevOps\n<\/span><\/h2>\n<p style=\"margin-top: 0px; margin-bottom: 1rem;\">Las metodolog\u00edas \u00e1giles se han consolidado en el desarrollo de software. Desde su inicio, las metodolog\u00edas \u00e1giles han evolucionado ganando en madurez para poder ser aplicadas en la pr\u00e1ctica de organizaciones y tipos de proyectos. El cambio cultural es uno de los principales retos que las organizaciones tienen que afrontar para una transformaci\u00f3n exitosa.<\/p>\n\n<ul style=\"margin-top: 0px; margin-bottom: 1rem;\">\n \t<li>Doctor en Inform\u00e1tica por la Universidad Polit\u00e9cnica de Madrid (UPM).<\/li>\n \t<li>Profesor Titular de Universidad del Departamento de Sistemas Inform\u00e1ticos de la Universidad Polit\u00e9cnica de Madrid.<\/li>\n \t<li>En la actualidad es Director de la Escuela T\u00e9cnica Superior de Ingenier\u00eda de Sistemas Inform\u00e1ticos de la Universidad Polit\u00e9cnica de Madrid.<\/li>\n \t<li>Especialista en investigaci\u00f3n dentro del Grupo de Tecnolog\u00edas de Software y Sistemas de la UPM. Participando en la ejecuci\u00f3n de proyectos de investigaci\u00f3n europeos en temas relacionados con Metodolog\u00edas, Smartgrids y Smartcities lo que se ha materializado en publicaciones en revistas y congresos internacionales.<\/li>\n \t<li>Ha impartido docencia en m\u00faltiples asignaturas en m\u00e1steres y grados de la Escuela T\u00e9cnica Superior de Ingenier\u00eda de Sistemas Inform\u00e1ticos.<\/li>\n \t<li>Organizer of \u00abThe 12th European Conference on Software Architecture (ECSA 2018)\u00bb, \u00ab12th International Conference on Agile Software Development, XP2011\u00bb, el \u00abWorkshop Dealing with usability in an agile domain. XP 2010 and XP2011\u00bb and \u00abConference Agile Spain 2010\u00bb<\/li>\n<\/ul>\t\t\t\t\t\t\t\t<\/div>\n\t\t\t\t<\/div>\n\t\t\t\t\t<\/div>\n\t\t\t\t<\/div>\n\t\t\t\t<div class=\"elementor-element elementor-element-7a4b788 elementor-widget-divider--view-line elementor-widget elementor-widget-divider\" data-id=\"7a4b788\" data-element_type=\"widget\" data-e-type=\"widget\" data-widget_type=\"divider.default\">\n\t\t\t\t<div class=\"elementor-widget-container\">\n\t\t\t\t\t\t\t<div class=\"elementor-divider\">\n\t\t\t<span class=\"elementor-divider-separator\">\n\t\t\t\t\t\t<\/span>\n\t\t<\/div>\n\t\t\t\t\t\t<\/div>\n\t\t\t\t<\/div>\n\t\t<div class=\"elementor-element elementor-element-9bddccd e-flex e-con-boxed wpr-particle-no wpr-jarallax-no wpr-parallax-no wpr-sticky-section-no wpr-equal-height-no e-con e-child\" data-id=\"9bddccd\" data-element_type=\"container\" data-e-type=\"container\" data-settings=\"{&quot;tmea_shape_divider_top&quot;:&quot;none&quot;,&quot;tmea_shape_divider_bottom&quot;:&quot;none&quot;}\">\n\t\t\t\t\t<div class=\"e-con-inner\">\n\t\t\t\t<div class=\"elementor-element elementor-element-2929f75 elementor-widget elementor-widget-xpro-button\" data-id=\"2929f75\" data-element_type=\"widget\" data-e-type=\"widget\" data-widget_type=\"xpro-button.default\">\n\t\t\t\t<div class=\"elementor-widget-container\">\n\t\t\t\t\t\n<a  target=\"_blank\" href=\"\/index.php\/keynotes\/agustin-yaguee-panadero?tmpl=component&#038;print=1\" class=\"xpro-elementor-button xpro-elementor-button-animation-none xpro-align-icon-left\">\n<span class=\"xpro-elementor-button-inner\">\n<span class=\"xpro-elementor-button-media\"><svg aria-hidden=\"true\" class=\"e-font-icon-svg e-fas-print\" viewBox=\"0 0 512 512\" xmlns=\"http:\/\/www.w3.org\/2000\/svg\"><path d=\"M448 192V77.25c0-8.49-3.37-16.62-9.37-22.63L393.37 9.37c-6-6-14.14-9.37-22.63-9.37H96C78.33 0 64 14.33 64 32v160c-35.35 0-64 28.65-64 64v112c0 8.84 7.16 16 16 16h48v96c0 17.67 14.33 32 32 32h320c17.67 0 32-14.33 32-32v-96h48c8.84 0 16-7.16 16-16V256c0-35.35-28.65-64-64-64zm-64 256H128v-96h256v96zm0-224H128V64h192v48c0 8.84 7.16 16 16 16h48v96zm48 72c-13.25 0-24-10.75-24-24 0-13.26 10.75-24 24-24s24 10.74 24 24c0 13.25-10.75 24-24 24z\"><\/path><\/svg><\/span>\n<span class=\"xpro-button-text\">Print<\/span>\n<\/span>\n<\/a>\n\t\t\t\t<\/div>\n\t\t\t\t<\/div>\n\t\t\t\t\t<\/div>\n\t\t\t\t<\/div>\n\t\t<div class=\"elementor-element elementor-element-540b117 e-flex e-con-boxed wpr-particle-no wpr-jarallax-no wpr-parallax-no wpr-sticky-section-no wpr-equal-height-no e-con e-child\" data-id=\"540b117\" data-element_type=\"container\" data-e-type=\"container\" data-settings=\"{&quot;tmea_shape_divider_top&quot;:&quot;none&quot;,&quot;tmea_shape_divider_bottom&quot;:&quot;none&quot;}\">\n\t\t\t\t\t<div class=\"e-con-inner\">\n\t\t\t\t<div class=\"elementor-element elementor-element-3883035 elementor-widget elementor-widget-xpro-button\" data-id=\"3883035\" data-element_type=\"widget\" data-e-type=\"widget\" data-widget_type=\"xpro-button.default\">\n\t\t\t\t<div class=\"elementor-widget-container\">\n\t\t\t\t\t\n<a  target=\"_blank\" href=\"\/index.php\/keynotes\/vahid-loic-masrour-hamadani\" class=\"xpro-elementor-button xpro-elementor-button-animation-none xpro-align-icon-right\">\n<span class=\"xpro-elementor-button-inner\">\n<span class=\"xpro-button-text\">Prev<\/span>\n<\/span>\n<\/a>\n\t\t\t\t<\/div>\n\t\t\t\t<\/div>\n\t\t\t\t<div class=\"elementor-element elementor-element-1f49d4e elementor-widget elementor-widget-xpro-button\" data-id=\"1f49d4e\" data-element_type=\"widget\" data-e-type=\"widget\" data-widget_type=\"xpro-button.default\">\n\t\t\t\t<div class=\"elementor-widget-container\">\n\t\t\t\t\t\n<a  target=\"_blank\" href=\"\/index.php\/keynotes\/jose-angel-olivas-varela\" class=\"xpro-elementor-button xpro-elementor-button-animation-none xpro-align-icon-right\">\n<span class=\"xpro-elementor-button-inner\">\n<span class=\"xpro-button-text\">Next<\/span>\n<\/span>\n<\/a>\n\t\t\t\t<\/div>\n\t\t\t\t<\/div>\n\t\t\t\t\t<\/div>\n\t\t\t\t<\/div>\n\t\t\t\t\t<\/div>\n\t\t\t\t<\/div>\n\t\t<div class=\"elementor-element elementor-element-58cd56b e-flex e-con-boxed wpr-particle-no wpr-jarallax-no wpr-parallax-no wpr-sticky-section-no wpr-equal-height-no e-con e-parent\" data-id=\"58cd56b\" data-element_type=\"container\" data-e-type=\"container\" data-settings=\"{&quot;background_background&quot;:&quot;classic&quot;,&quot;tmea_shape_divider_top&quot;:&quot;none&quot;,&quot;tmea_shape_divider_bottom&quot;:&quot;none&quot;}\">\n\t\t\t\t\t<div class=\"e-con-inner\">\n\t\t<div class=\"elementor-element elementor-element-7104ee4 e-flex e-con-boxed wpr-particle-no wpr-jarallax-no wpr-parallax-no wpr-sticky-section-no wpr-equal-height-no e-con e-child\" data-id=\"7104ee4\" data-element_type=\"container\" data-e-type=\"container\" data-settings=\"{&quot;tmea_shape_divider_top&quot;:&quot;none&quot;,&quot;tmea_shape_divider_bottom&quot;:&quot;none&quot;}\">\n\t\t\t\t\t<div class=\"e-con-inner\">\n\t\t<div class=\"elementor-element elementor-element-3be0905 e-flex e-con-boxed wpr-particle-no wpr-jarallax-no wpr-parallax-no wpr-sticky-section-no wpr-equal-height-no e-con e-child\" data-id=\"3be0905\" data-element_type=\"container\" data-e-type=\"container\" data-settings=\"{&quot;tmea_shape_divider_top&quot;:&quot;none&quot;,&quot;tmea_shape_divider_bottom&quot;:&quot;none&quot;}\">\n\t\t\t\t\t<div class=\"e-con-inner\">\n\t\t\t\t<div class=\"elementor-element elementor-element-f2abdf3 elementor-widget elementor-widget-text-editor\" data-id=\"f2abdf3\" data-element_type=\"widget\" data-e-type=\"widget\" data-widget_type=\"text-editor.default\">\n\t\t\t\t<div class=\"elementor-widget-container\">\n\t\t\t\t\t\t\t\t\t<p style=\"margin: 0px; font-family: Montserrat, sans-serif; color: #ffffff; font-size: 24px;\">Ediciones anteriores<\/p>\t\t\t\t\t\t\t\t<\/div>\n\t\t\t\t<\/div>\n\t\t\t\t<div class=\"elementor-element elementor-element-278ff88 elementor-widget-divider--view-line elementor-widget elementor-widget-divider\" data-id=\"278ff88\" data-element_type=\"widget\" data-e-type=\"widget\" data-widget_type=\"divider.default\">\n\t\t\t\t<div class=\"elementor-widget-container\">\n\t\t\t\t\t\t\t<div class=\"elementor-divider\">\n\t\t\t<span class=\"elementor-divider-separator\">\n\t\t\t\t\t\t<\/span>\n\t\t<\/div>\n\t\t\t\t\t\t<\/div>\n\t\t\t\t<\/div>\n\t\t\t\t<div class=\"elementor-element elementor-element-0fb1453 elementor-icon-list--layout-traditional elementor-list-item-link-full_width elementor-widget elementor-widget-icon-list\" data-id=\"0fb1453\" data-element_type=\"widget\" data-e-type=\"widget\" data-widget_type=\"icon-list.default\">\n\t\t\t\t<div class=\"elementor-widget-container\">\n\t\t\t\t\t\t\t<ul class=\"elementor-icon-list-items\">\n\t\t\t\t\t\t\t<li class=\"elementor-icon-list-item\">\n\t\t\t\t\t\t\t\t\t\t\t<a href=\"https:\/\/ticec2019.cedia.edu.ec\/\">\n\n\t\t\t\t\t\t\t\t\t\t\t<span class=\"elementor-icon-list-text\">TICEC 2019<\/span>\n\t\t\t\t\t\t\t\t\t\t\t<\/a>\n\t\t\t\t\t\t\t\t\t<\/li>\n\t\t\t\t\t\t\t\t<li class=\"elementor-icon-list-item\">\n\t\t\t\t\t\t\t\t\t\t\t<a href=\"https:\/\/ticec2018.cedia.edu.ec\/es\/\">\n\n\t\t\t\t\t\t\t\t\t\t\t<span class=\"elementor-icon-list-text\">TICEC 2018<\/span>\n\t\t\t\t\t\t\t\t\t\t\t<\/a>\n\t\t\t\t\t\t\t\t\t<\/li>\n\t\t\t\t\t\t\t\t<li class=\"elementor-icon-list-item\">\n\t\t\t\t\t\t\t\t\t\t\t<a href=\"https:\/\/ticec2017.cedia.edu.ec\/es\/\">\n\n\t\t\t\t\t\t\t\t\t\t\t<span class=\"elementor-icon-list-text\">TICEC 2017<\/span>\n\t\t\t\t\t\t\t\t\t\t\t<\/a>\n\t\t\t\t\t\t\t\t\t<\/li>\n\t\t\t\t\t\t\t\t<li class=\"elementor-icon-list-item\">\n\t\t\t\t\t\t\t\t\t\t\t<a href=\"https:\/\/ticec2016.cedia.edu.ec\/\">\n\n\t\t\t\t\t\t\t\t\t\t\t<span class=\"elementor-icon-list-text\">TICEC 2016<\/span>\n\t\t\t\t\t\t\t\t\t\t\t<\/a>\n\t\t\t\t\t\t\t\t\t<\/li>\n\t\t\t\t\t\t\t\t<li class=\"elementor-icon-list-item\">\n\t\t\t\t\t\t\t\t\t\t\t<a href=\"https:\/\/ticec2015.cedia.edu.ec\/\">\n\n\t\t\t\t\t\t\t\t\t\t\t<span class=\"elementor-icon-list-text\">TICEC 2015<\/span>\n\t\t\t\t\t\t\t\t\t\t\t<\/a>\n\t\t\t\t\t\t\t\t\t<\/li>\n\t\t\t\t\t\t\t\t<li class=\"elementor-icon-list-item\">\n\t\t\t\t\t\t\t\t\t\t\t<a href=\"https:\/\/ticec2014.cedia.edu.ec\/\">\n\n\t\t\t\t\t\t\t\t\t\t\t<span class=\"elementor-icon-list-text\">TICEC 2014<\/span>\n\t\t\t\t\t\t\t\t\t\t\t<\/a>\n\t\t\t\t\t\t\t\t\t<\/li>\n\t\t\t\t\t\t\t\t<li class=\"elementor-icon-list-item\">\n\t\t\t\t\t\t\t\t\t\t\t<a href=\"https:\/\/ticec2013.cedia.edu.ec\/\">\n\n\t\t\t\t\t\t\t\t\t\t\t<span class=\"elementor-icon-list-text\">TICEC 2013<\/span>\n\t\t\t\t\t\t\t\t\t\t\t<\/a>\n\t\t\t\t\t\t\t\t\t<\/li>\n\t\t\t\t\t\t<\/ul>\n\t\t\t\t\t\t<\/div>\n\t\t\t\t<\/div>\n\t\t\t\t\t<\/div>\n\t\t\t\t<\/div>\n\t\t<div class=\"elementor-element elementor-element-108fcf8 e-flex e-con-boxed wpr-particle-no wpr-jarallax-no wpr-parallax-no wpr-sticky-section-no wpr-equal-height-no e-con e-child\" data-id=\"108fcf8\" data-element_type=\"container\" data-e-type=\"container\" data-settings=\"{&quot;tmea_shape_divider_top&quot;:&quot;none&quot;,&quot;tmea_shape_divider_bottom&quot;:&quot;none&quot;}\">\n\t\t\t\t\t<div class=\"e-con-inner\">\n\t\t\t\t<div class=\"elementor-element elementor-element-eb93ccf elementor-widget elementor-widget-text-editor\" data-id=\"eb93ccf\" data-element_type=\"widget\" data-e-type=\"widget\" data-widget_type=\"text-editor.default\">\n\t\t\t\t<div class=\"elementor-widget-container\">\n\t\t\t\t\t\t\t\t\t<p style=\"margin: 0px; font-family: Montserrat, sans-serif; color: #ffffff; font-size: 24px;\">Sobre nosotros<\/p>\t\t\t\t\t\t\t\t<\/div>\n\t\t\t\t<\/div>\n\t\t\t\t<div class=\"elementor-element elementor-element-71bc751 elementor-widget-divider--view-line elementor-widget elementor-widget-divider\" data-id=\"71bc751\" data-element_type=\"widget\" data-e-type=\"widget\" data-widget_type=\"divider.default\">\n\t\t\t\t<div class=\"elementor-widget-container\">\n\t\t\t\t\t\t\t<div class=\"elementor-divider\">\n\t\t\t<span class=\"elementor-divider-separator\">\n\t\t\t\t\t\t<\/span>\n\t\t<\/div>\n\t\t\t\t\t\t<\/div>\n\t\t\t\t<\/div>\n\t\t\t\t<div class=\"elementor-element elementor-element-72a1cbf elementor-widget elementor-widget-text-editor\" data-id=\"72a1cbf\" data-element_type=\"widget\" data-e-type=\"widget\" data-widget_type=\"text-editor.default\">\n\t\t\t\t<div class=\"elementor-widget-container\">\n\t\t\t\t\t\t\t\t\t<span style=\"color: #8e9aa7; font-family: Montserrat, sans-serif;\">TICEC 2019 es el Congreso m\u00e1s importante de Tecnolog\u00edas de la Informaci\u00f3n y Comunicaci\u00f3n en Ecuador que re\u00fane cada a\u00f1o a m\u00e1s de 700 investigadores, t\u00e9cnicos, docentes, estudiantes y profesionales de las \u00e1reas de la Ciencia y la Tecnolog\u00eda.<\/span>\t\t\t\t\t\t\t\t<\/div>\n\t\t\t\t<\/div>\n\t\t\t\t\t<\/div>\n\t\t\t\t<\/div>\n\t\t<div class=\"elementor-element elementor-element-5004f1a e-flex e-con-boxed wpr-particle-no wpr-jarallax-no wpr-parallax-no wpr-sticky-section-no wpr-equal-height-no e-con e-child\" data-id=\"5004f1a\" data-element_type=\"container\" data-e-type=\"container\" data-settings=\"{&quot;tmea_shape_divider_top&quot;:&quot;none&quot;,&quot;tmea_shape_divider_bottom&quot;:&quot;none&quot;}\">\n\t\t\t\t\t<div class=\"e-con-inner\">\n\t\t\t\t<div class=\"elementor-element elementor-element-783365b elementor-widget elementor-widget-text-editor\" data-id=\"783365b\" data-element_type=\"widget\" data-e-type=\"widget\" data-widget_type=\"text-editor.default\">\n\t\t\t\t<div class=\"elementor-widget-container\">\n\t\t\t\t\t\t\t\t\t<p style=\"margin: 0px; font-family: Montserrat, sans-serif; color: #ffffff; font-size: 24px;\">Contacto<\/p>\t\t\t\t\t\t\t\t<\/div>\n\t\t\t\t<\/div>\n\t\t\t\t<div class=\"elementor-element elementor-element-fc9217a elementor-widget-divider--view-line elementor-widget elementor-widget-divider\" data-id=\"fc9217a\" data-element_type=\"widget\" data-e-type=\"widget\" data-widget_type=\"divider.default\">\n\t\t\t\t<div class=\"elementor-widget-container\">\n\t\t\t\t\t\t\t<div class=\"elementor-divider\">\n\t\t\t<span class=\"elementor-divider-separator\">\n\t\t\t\t\t\t<\/span>\n\t\t<\/div>\n\t\t\t\t\t\t<\/div>\n\t\t\t\t<\/div>\n\t\t\t\t<div class=\"elementor-element elementor-element-ba08c87 elementor-widget elementor-widget-text-editor\" data-id=\"ba08c87\" data-element_type=\"widget\" data-e-type=\"widget\" data-widget_type=\"text-editor.default\">\n\t\t\t\t<div class=\"elementor-widget-container\">\n\t\t\t\t\t\t\t\t\t<span style=\"font-family: Montserrat, sans-serif;\">Para m\u00e1s informaci\u00f3n sobre el Congreso TICEC cont\u00e1ctenos a: <a href=\"mailto:info@cedia.org.ec\" style=\"transition: all ease-in-out .3s;\">info@cedia.org.ec<\/a><\/span>\n\n<span style=\"font-family: Montserrat, sans-serif;\">+59374079300.<\/span>\n\n<span style=\"font-family: Montserrat, sans-serif;\">Cuenca-Ecuador.<\/span>\t\t\t\t\t\t\t\t<\/div>\n\t\t\t\t<\/div>\n\t\t\t\t\t<\/div>\n\t\t\t\t<\/div>\n\t\t<div class=\"elementor-element elementor-element-2a0819e e-flex e-con-boxed wpr-particle-no wpr-jarallax-no wpr-parallax-no wpr-sticky-section-no wpr-equal-height-no e-con e-child\" data-id=\"2a0819e\" data-element_type=\"container\" data-e-type=\"container\" data-settings=\"{&quot;tmea_shape_divider_top&quot;:&quot;none&quot;,&quot;tmea_shape_divider_bottom&quot;:&quot;none&quot;}\">\n\t\t\t\t\t<div class=\"e-con-inner\">\n\t\t\t\t<div class=\"elementor-element elementor-element-63e4634 elementor-widget elementor-widget-text-editor\" data-id=\"63e4634\" data-element_type=\"widget\" data-e-type=\"widget\" data-widget_type=\"text-editor.default\">\n\t\t\t\t<div class=\"elementor-widget-container\">\n\t\t\t\t\t\t\t\t\t<p style=\"margin: 0px; font-family: Montserrat, sans-serif; color: #ffffff; font-size: 24px;\">Organizan<\/p>\t\t\t\t\t\t\t\t<\/div>\n\t\t\t\t<\/div>\n\t\t\t\t<div class=\"elementor-element elementor-element-7329327 elementor-widget-divider--view-line elementor-widget elementor-widget-divider\" data-id=\"7329327\" data-element_type=\"widget\" data-e-type=\"widget\" data-widget_type=\"divider.default\">\n\t\t\t\t<div class=\"elementor-widget-container\">\n\t\t\t\t\t\t\t<div class=\"elementor-divider\">\n\t\t\t<span class=\"elementor-divider-separator\">\n\t\t\t\t\t\t<\/span>\n\t\t<\/div>\n\t\t\t\t\t\t<\/div>\n\t\t\t\t<\/div>\n\t\t<div class=\"elementor-element elementor-element-b286a6a e-con-full e-flex wpr-particle-no wpr-jarallax-no wpr-parallax-no wpr-sticky-section-no wpr-equal-height-no e-con e-child\" data-id=\"b286a6a\" data-element_type=\"container\" data-e-type=\"container\" data-settings=\"{&quot;tmea_shape_divider_top&quot;:&quot;none&quot;,&quot;tmea_shape_divider_bottom&quot;:&quot;none&quot;}\">\n\t\t<div class=\"elementor-element elementor-element-980374f e-con-full e-flex wpr-particle-no wpr-jarallax-no wpr-parallax-no wpr-sticky-section-no wpr-equal-height-no e-con e-child\" data-id=\"980374f\" data-element_type=\"container\" data-e-type=\"container\" data-settings=\"{&quot;tmea_shape_divider_top&quot;:&quot;none&quot;,&quot;tmea_shape_divider_bottom&quot;:&quot;none&quot;}\">\n\t\t\t\t<div class=\"elementor-element elementor-element-79a79de elementor-widget elementor-widget-image\" data-id=\"79a79de\" data-element_type=\"widget\" data-e-type=\"widget\" data-widget_type=\"image.default\">\n\t\t\t\t<div class=\"elementor-widget-container\">\n\t\t\t\t\t\t\t\t\t\t\t\t\t\t\t<img fetchpriority=\"high\" decoding=\"async\" width=\"840\" height=\"1109\" src=\"https:\/\/ticec2019.cedia.edu.ec\/wp-content\/uploads\/2024\/02\/CEDIABlancoH.png\" class=\"attachment-full size-full wp-image-185\" alt=\"\" srcset=\"https:\/\/ticec2019.cedia.edu.ec\/wp-content\/uploads\/2024\/02\/CEDIABlancoH.png 840w, https:\/\/ticec2019.cedia.edu.ec\/wp-content\/uploads\/2024\/02\/CEDIABlancoH-227x300.png 227w, https:\/\/ticec2019.cedia.edu.ec\/wp-content\/uploads\/2024\/02\/CEDIABlancoH-776x1024.png 776w, https:\/\/ticec2019.cedia.edu.ec\/wp-content\/uploads\/2024\/02\/CEDIABlancoH-768x1014.png 768w\" sizes=\"(max-width: 840px) 100vw, 840px\" \/>\t\t\t\t\t\t\t\t\t\t\t\t\t\t\t<\/div>\n\t\t\t\t<\/div>\n\t\t\t\t<\/div>\n\t\t<div class=\"elementor-element elementor-element-6f11a5f e-con-full e-flex wpr-particle-no wpr-jarallax-no wpr-parallax-no wpr-sticky-section-no wpr-equal-height-no e-con e-child\" data-id=\"6f11a5f\" data-element_type=\"container\" data-e-type=\"container\" data-settings=\"{&quot;tmea_shape_divider_top&quot;:&quot;none&quot;,&quot;tmea_shape_divider_bottom&quot;:&quot;none&quot;}\">\n\t\t\t\t<div class=\"elementor-element elementor-element-b527d4d elementor-widget elementor-widget-image\" data-id=\"b527d4d\" data-element_type=\"widget\" data-e-type=\"widget\" data-widget_type=\"image.default\">\n\t\t\t\t<div class=\"elementor-widget-container\">\n\t\t\t\t\t\t\t\t\t\t\t\t\t\t\t<img decoding=\"async\" width=\"400\" height=\"400\" src=\"https:\/\/ticec2019.cedia.edu.ec\/wp-content\/uploads\/2024\/02\/LogoUdaB.png\" class=\"attachment-full size-full wp-image-186\" alt=\"\" srcset=\"https:\/\/ticec2019.cedia.edu.ec\/wp-content\/uploads\/2024\/02\/LogoUdaB.png 400w, https:\/\/ticec2019.cedia.edu.ec\/wp-content\/uploads\/2024\/02\/LogoUdaB-300x300.png 300w, https:\/\/ticec2019.cedia.edu.ec\/wp-content\/uploads\/2024\/02\/LogoUdaB-150x150.png 150w\" sizes=\"(max-width: 400px) 100vw, 400px\" \/>\t\t\t\t\t\t\t\t\t\t\t\t\t\t\t<\/div>\n\t\t\t\t<\/div>\n\t\t\t\t<\/div>\n\t\t\t\t<\/div>\n\t\t\t\t\t<\/div>\n\t\t\t\t<\/div>\n\t\t\t\t\t<\/div>\n\t\t\t\t<\/div>\n\t\t\t\t<div class=\"elementor-element elementor-element-a9a99d6 elementor-widget-divider--view-line elementor-widget elementor-widget-divider\" data-id=\"a9a99d6\" data-element_type=\"widget\" data-e-type=\"widget\" data-widget_type=\"divider.default\">\n\t\t\t\t<div class=\"elementor-widget-container\">\n\t\t\t\t\t\t\t<div class=\"elementor-divider\">\n\t\t\t<span class=\"elementor-divider-separator\">\n\t\t\t\t\t\t<\/span>\n\t\t<\/div>\n\t\t\t\t\t\t<\/div>\n\t\t\t\t<\/div>\n\t\t<div class=\"elementor-element elementor-element-0c73550 e-flex e-con-boxed wpr-particle-no wpr-jarallax-no wpr-parallax-no wpr-sticky-section-no wpr-equal-height-no e-con e-child\" data-id=\"0c73550\" data-element_type=\"container\" data-e-type=\"container\" data-settings=\"{&quot;tmea_shape_divider_top&quot;:&quot;none&quot;,&quot;tmea_shape_divider_bottom&quot;:&quot;none&quot;}\">\n\t\t\t\t\t<div class=\"e-con-inner\">\n\t\t\t\t<div class=\"elementor-element elementor-element-aea60d1 elementor-widget elementor-widget-text-editor\" data-id=\"aea60d1\" data-element_type=\"widget\" data-e-type=\"widget\" data-widget_type=\"text-editor.default\">\n\t\t\t\t<div class=\"elementor-widget-container\">\n\t\t\t\t\t\t\t\t\t<p><span style=\"color: #8e9aa7; font-family: Montserrat, sans-serif; font-size: 14px;\">\u00a9 TICEC. Powered by CEDIA.<\/span><\/p>\t\t\t\t\t\t\t\t<\/div>\n\t\t\t\t<\/div>\n\t\t\t\t\t<\/div>\n\t\t\t\t<\/div>\n\t\t\t\t\t<\/div>\n\t\t\t\t<\/div>\n\t\t\t\t<\/div>\n\t\t","protected":false},"excerpt":{"rendered":"<p>AGUST\u00cdN YAG\u00dcE PANADERO Charla: Tendencias en metodolog\u00edas de desarrollo de software \u00c1giles y DevOps Las metodolog\u00edas \u00e1giles se han consolidado en el desarrollo de software. Desde su inicio, las metodolog\u00edas \u00e1giles han evolucionado ganando en madurez para poder ser aplicadas en la pr\u00e1ctica de organizaciones y tipos de proyectos. El cambio cultural es uno de los principales retos que las organizaciones tienen que afrontar para una transformaci\u00f3n exitosa. Doctor en Inform\u00e1tica por la Universidad Polit\u00e9cnica de Madrid (UPM). Profesor Titular de Universidad del Departamento de Sistemas Inform\u00e1ticos de la Universidad Polit\u00e9cnica de Madrid. En la actualidad es Director de la Escuela T\u00e9cnica Superior de Ingenier\u00eda de Sistemas Inform\u00e1ticos de la Universidad Polit\u00e9cnica de Madrid. Especialista en investigaci\u00f3n dentro del Grupo de Tecnolog\u00edas de Software y Sistemas de la UPM. Participando en la ejecuci\u00f3n de proyectos de investigaci\u00f3n europeos en temas relacionados con Metodolog\u00edas, Smartgrids y Smartcities lo que se ha materializado en publicaciones en revistas y congresos internacionales. Ha impartido docencia en m\u00faltiples asignaturas en m\u00e1steres y grados de la Escuela T\u00e9cnica Superior de Ingenier\u00eda de Sistemas Inform\u00e1ticos. Organizer of \u00abThe 12th European Conference on Software Architecture (ECSA 2018)\u00bb, \u00ab12th International Conference on Agile Software Development, XP2011\u00bb, el \u00abWorkshop Dealing with usability in an agile domain. XP 2010 and XP2011\u00bb and \u00abConference Agile Spain 2010\u00bb Print Prev Next Ediciones anteriores TICEC 2019 TICEC 2018 TICEC 2017 TICEC 2016 TICEC 2015 TICEC 2014 TICEC 2013 Sobre nosotros TICEC 2019 es el Congreso m\u00e1s importante de Tecnolog\u00edas de la Informaci\u00f3n y Comunicaci\u00f3n en Ecuador que re\u00fane cada a\u00f1o a m\u00e1s de 700 investigadores, t\u00e9cnicos, docentes, estudiantes y profesionales de las \u00e1reas de la Ciencia y la Tecnolog\u00eda. Contacto Para m\u00e1s informaci\u00f3n sobre el Congreso TICEC cont\u00e1ctenos a: info@cedia.org.ec +59374079300. Cuenca-Ecuador. Organizan \u00a9 TICEC. Powered by CEDIA.<\/p>\n","protected":false},"author":5,"featured_media":0,"parent":0,"menu_order":0,"comment_status":"closed","ping_status":"closed","template":"","meta":{"footnotes":""},"class_list":["post-513","page","type-page","status-publish","hentry"],"_links":{"self":[{"href":"https:\/\/ticec2019.cedia.edu.ec\/index.php\/wp-json\/wp\/v2\/pages\/513","targetHints":{"allow":["GET"]}}],"collection":[{"href":"https:\/\/ticec2019.cedia.edu.ec\/index.php\/wp-json\/wp\/v2\/pages"}],"about":[{"href":"https:\/\/ticec2019.cedia.edu.ec\/index.php\/wp-json\/wp\/v2\/types\/page"}],"author":[{"embeddable":true,"href":"https:\/\/ticec2019.cedia.edu.ec\/index.php\/wp-json\/wp\/v2\/users\/5"}],"replies":[{"embeddable":true,"href":"https:\/\/ticec2019.cedia.edu.ec\/index.php\/wp-json\/wp\/v2\/comments?post=513"}],"version-history":[{"count":16,"href":"https:\/\/ticec2019.cedia.edu.ec\/index.php\/wp-json\/wp\/v2\/pages\/513\/revisions"}],"predecessor-version":[{"id":1135,"href":"https:\/\/ticec2019.cedia.edu.ec\/index.php\/wp-json\/wp\/v2\/pages\/513\/revisions\/1135"}],"wp:attachment":[{"href":"https:\/\/ticec2019.cedia.edu.ec\/index.php\/wp-json\/wp\/v2\/media?parent=513"}],"curies":[{"name":"wp","href":"https:\/\/api.w.org\/{rel}","templated":true}]}}